{"id":4439,"date":"2021-10-12T16:27:24","date_gmt":"2021-10-12T16:27:24","guid":{"rendered":"http:\/\/dummy.xtemos.com\/woodmart2\/elementor\/?page_id=4439"},"modified":"2025-09-25T21:20:44","modified_gmt":"2025-09-26T00:20:44","slug":"contact-us","status":"publish","type":"page","link":"https:\/\/cafe.visionarus.com.br\/index.php\/contact-us\/","title":{"rendered":"Contact us"},"content":{"rendered":"<p><img loading=\"lazy\" decoding=\"async\" width=\"1920\" height=\"650\" src=\"https:\/\/cafe.visionarus.com.br\/wp-content\/uploads\/2025\/09\/banner-site-topo-1920x650-4-contato.jpg\" alt=\"\" srcset=\"https:\/\/cafe.visionarus.com.br\/wp-content\/uploads\/2025\/09\/banner-site-topo-1920x650-4-contato.jpg 1920w, https:\/\/cafe.visionarus.com.br\/wp-content\/uploads\/2025\/09\/banner-site-topo-1920x650-4-contato-400x135.jpg 400w, https:\/\/cafe.visionarus.com.br\/wp-content\/uploads\/2025\/09\/banner-site-topo-1920x650-4-contato-1300x440.jpg 1300w, https:\/\/cafe.visionarus.com.br\/wp-content\/uploads\/2025\/09\/banner-site-topo-1920x650-4-contato-768x260.jpg 768w, https:\/\/cafe.visionarus.com.br\/wp-content\/uploads\/2025\/09\/banner-site-topo-1920x650-4-contato-1536x520.jpg 1536w, https:\/\/cafe.visionarus.com.br\/wp-content\/uploads\/2025\/09\/banner-site-topo-1920x650-4-contato-430x146.jpg 430w, https:\/\/cafe.visionarus.com.br\/wp-content\/uploads\/2025\/09\/banner-site-topo-1920x650-4-contato-700x237.jpg 700w, https:\/\/cafe.visionarus.com.br\/wp-content\/uploads\/2025\/09\/banner-site-topo-1920x650-4-contato-150x51.jpg 150w\" sizes=\"auto, (max-width: 1920px) 100vw, 1920px\" \/>\n\t\t\t\t\t\t\t\t<link rel=\"stylesheet\" id=\"wd-section-title-css\" href=\"https:\/\/cafe.visionarus.com.br\/wp-content\/themes\/woodmart\/css\/parts\/el-section-title.min.css?ver=8.2.7\" type=\"text\/css\" media=\"all\" \/>\n\t\t\t\t\t\t\t\t\t\t<link rel=\"stylesheet\" id=\"wd-el-subtitle-style-css\" href=\"https:\/\/cafe.visionarus.com.br\/wp-content\/themes\/woodmart\/css\/parts\/el-subtitle-style.min.css?ver=8.2.7\" type=\"text\/css\" media=\"all\" \/>\n\t\t\t\t\tSEGURAN\u00c7A PARA VOC\u00ca\t\t\t\t<\/p>\n<h4>Detalhes para Contatos<br \/>\n<\/h4>\n<p>\t\t\t\t<svg aria-hidden=\"true\" viewBox=\"0 0 384 512\" xmlns=\"http:\/\/www.w3.org\/2000\/svg\"><path d=\"M172.268 501.67C26.97 291.031 0 269.413 0 192 0 85.961 85.961 0 192 0s192 85.961 192 192c0 77.413-26.97 99.031-172.268 309.67-9.535 13.774-29.93 13.773-39.464 0zM192 272c44.183 0 80-35.817 80-80s-35.817-80-80-80-80 35.817-80 80 35.817 80 80 80z\"><\/path><\/svg>\t\t\t\t<\/p>\n<h3>\n\t\t\t\t\t\t\tNossa Localiza\u00e7\u00e3o<br \/>\n\t\t\t\t\t<\/h3>\n<p>\n\t\t\t\t\t\tAv. Padre Nelson Antonio Rom\u00e3o, 445<br \/>\nVila Santa Cruz, Mat\u00e3o &#8211; SP, 15990-195\t\t\t\t\t<\/p>\n<p>\t\t\t\t<svg aria-hidden=\"true\" viewBox=\"0 0 512 512\" xmlns=\"http:\/\/www.w3.org\/2000\/svg\"><path d=\"M502.3 190.8c3.9-3.1 9.7-.2 9.7 4.7V400c0 26.5-21.5 48-48 48H48c-26.5 0-48-21.5-48-48V195.6c0-5 5.7-7.8 9.7-4.7 22.4 17.4 52.1 39.5 154.1 113.6 21.1 15.4 56.7 47.8 92.2 47.6 35.7.3 72-32.8 92.3-47.6 102-74.1 131.6-96.3 154-113.7zM256 320c23.2.4 56.6-29.2 73.4-41.4 132.7-96.3 142.8-104.7 173.4-128.7 5.8-4.5 9.2-11.5 9.2-18.9v-19c0-26.5-21.5-48-48-48H48C21.5 64 0 85.5 0 112v19c0 7.4 3.4 14.3 9.2 18.9 30.6 23.9 40.7 32.4 173.4 128.7 16.8 12.2 50.2 41.8 73.4 41.4z\"><\/path><\/svg>\t\t\t\t<\/p>\n<h3>\n\t\t\t\t\t\t\tNosso E-mail<br \/>\n\t\t\t\t\t<\/h3>\n<p>\n\t\t\t\t\t\tquintacafes@gmail.com\t\t\t\t\t<\/p>\n<p>\t\t\t\t<svg aria-hidden=\"true\" viewBox=\"0 0 512 512\" xmlns=\"http:\/\/www.w3.org\/2000\/svg\"><path d=\"M497.39 361.8l-112-48a24 24 0 0 0-28 6.9l-49.6 60.6A370.66 370.66 0 0 1 130.6 204.11l60.6-49.6a23.94 23.94 0 0 0 6.9-28l-48-112A24.16 24.16 0 0 0 122.6.61l-104 24A24 24 0 0 0 0 48c0 256.5 207.9 464 464 464a24 24 0 0 0 23.4-18.6l24-104a24.29 24.29 0 0 0-14.01-27.6z\"><\/path><\/svg>\t\t\t\t<\/p>\n<h3>\n\t\t\t\t\t\t\tTelefone<br \/>\n\t\t\t\t\t<\/h3>\n<p>\n\t\t\t\t\t\t+55 (16) 99626-1368\t\t\t\t\t<\/p>\n<p>\t\t\t\t\tENTRE EM CONTATO\t\t\t\t<\/p>\n<h4>Envie-nos uma Mensagem<\/h4>\n<h4>Localiza\u00e7\u00e3o<\/h4>\n<p>\t\t\t<iframe loading=\"lazy\"\n\t\t\t\t\tsrc=\"https:\/\/maps.google.com\/maps?q=Av.%20Padre%20Nelson%20Antonio%20Rom%C3%A3o%2C%20445%20Vila%20Santa%20Cruz%2C%20Mat%C3%A3o%20-%20SP%2C%2015990-195&#038;t=m&#038;z=14&#038;output=embed&#038;iwloc=near\"\n\t\t\t\t\ttitle=\"Av. Padre Nelson Antonio Rom\u00e3o, 445 Vila Santa Cruz, Mat\u00e3o - SP, 15990-195\"\n\t\t\t\t\taria-label=\"Av. Padre Nelson Antonio Rom\u00e3o, 445 Vila Santa Cruz, Mat\u00e3o - SP, 15990-195\"\n\t\t\t><\/iframe><\/p>\n","protected":false},"excerpt":{"rendered":"<p>SEGURAN\u00c7A PARA VOC\u00ca Detalhes para Contatos Nossa Localiza\u00e7\u00e3o Av. Padre Nelson Antonio Rom\u00e3o, 445 Vila Santa Cruz, Mat\u00e3o &#8211; SP,<\/p>\n","protected":false},"author":1,"featured_media":0,"parent":0,"menu_order":0,"comment_status":"closed","ping_status":"closed","template":"","meta":{"footnotes":""},"class_list":["post-4439","page","type-page","status-publish","hentry"],"_links":{"self":[{"href":"https:\/\/cafe.visionarus.com.br\/index.php\/wp-json\/wp\/v2\/pages\/4439","targetHints":{"allow":["GET"]}}],"collection":[{"href":"https:\/\/cafe.visionarus.com.br\/index.php\/wp-json\/wp\/v2\/pages"}],"about":[{"href":"https:\/\/cafe.visionarus.com.br\/index.php\/wp-json\/wp\/v2\/types\/page"}],"author":[{"embeddable":true,"href":"https:\/\/cafe.visionarus.com.br\/index.php\/wp-json\/wp\/v2\/users\/1"}],"replies":[{"embeddable":true,"href":"https:\/\/cafe.visionarus.com.br\/index.php\/wp-json\/wp\/v2\/comments?post=4439"}],"version-history":[{"count":12,"href":"https:\/\/cafe.visionarus.com.br\/index.php\/wp-json\/wp\/v2\/pages\/4439\/revisions"}],"predecessor-version":[{"id":29272,"href":"https:\/\/cafe.visionarus.com.br\/index.php\/wp-json\/wp\/v2\/pages\/4439\/revisions\/29272"}],"wp:attachment":[{"href":"https:\/\/cafe.visionarus.com.br\/index.php\/wp-json\/wp\/v2\/media?parent=4439"}],"curies":[{"name":"wp","href":"https:\/\/api.w.org\/{rel}","templated":true}]}}