{"id":29239,"date":"2025-09-25T20:06:32","date_gmt":"2025-09-25T23:06:32","guid":{"rendered":"https:\/\/cafe.visionarus.com.br\/?page_id=29239"},"modified":"2025-09-25T20:23:45","modified_gmt":"2025-09-25T23:23:45","slug":"sobre-nos","status":"publish","type":"page","link":"https:\/\/cafe.visionarus.com.br\/index.php\/sobre-nos\/","title":{"rendered":"Sobre N\u00f3s"},"content":{"rendered":"<link rel=\"stylesheet\" id=\"wd-section-title-css\" href=\"https:\/\/cafe.visionarus.com.br\/wp-content\/themes\/woodmart\/css\/parts\/el-section-title.min.css?ver=8.2.7\" type=\"text\/css\" media=\"all\" \/> \t\t\t\t\t\t<link rel=\"stylesheet\" id=\"wd-mod-highlighted-text-css\" href=\"https:\/\/cafe.visionarus.com.br\/wp-content\/themes\/woodmart\/css\/parts\/mod-highlighted-text.min.css?ver=8.2.7\" type=\"text\/css\" media=\"all\" \/>\n\t\t\t\t\t\t\t\t\t\t<link rel=\"stylesheet\" id=\"wd-el-subtitle-style-css\" href=\"https:\/\/cafe.visionarus.com.br\/wp-content\/themes\/woodmart\/css\/parts\/el-subtitle-style.min.css?ver=8.2.7\" type=\"text\/css\" media=\"all\" \/>\n\t\t\t\t\tQUINTA DO CAF\u00c8\t\t\t\t<\/p>\n<h4>Nossa Hist\u00f3ria<\/h4>\n<p>No ano de 1981, iniciava-se o sonho de nossa Quinta. \u00c0quela \u00e9poca, em Jaci\/SP, o filho de um pequeno comerciante come\u00e7ava sua trajet\u00f3ria no mundo do caf\u00e9. Inicialmente como funcion\u00e1rio de um escrit\u00f3rio de corretagem em Mirassol\/SP, comprava caf\u00e9s de qualidade para renomada empresa do setor. A partir daquele momento, ele experimentou emo\u00e7\u00f5es e vislumbrou horizontes que somente o ouro verde lhe proporcionaria. Quatro anos depois, em 1985, surgiu a proposta de seguir novos rumos. Mudou-se para Varginha, no sul de Minas Gerais, onde tr\u00eas anos depois foi contratado por uma grande exportadora brasileira. Na cidade mineira, criou v\u00ednculos com pessoas not\u00f3rias e cooperados das mais variadas regi\u00f5es, para os quais trabalhou mais tarde como corretor independente. Hoje, quase 40 anos ap\u00f3s alimentar continuamente o sonho de possuir uma torrefa\u00e7\u00e3o pr\u00f3pria, seu retorno ao interior paulista traz com a Quinta do Caf\u00e9 o melhor conhecimento sobre caf\u00e9s de alto padr\u00e3o. Venha trilhar essa nova hist\u00f3ria com a gente e fazer parte, voc\u00ea tamb\u00e9m, da realiza\u00e7\u00e3o deste sonho!<\/p>\n<p>\u00a0\t\t\t\t<\/p>\n<h4>Nossos Objetivos<\/h4>\n<link rel=\"stylesheet\" id=\"wd-text-block-css\" href=\"https:\/\/cafe.visionarus.com.br\/wp-content\/themes\/woodmart\/css\/parts\/el-text-block.min.css?ver=8.2.7\" type=\"text\/css\" media=\"all\" \/>\n<p>Conhe\u00e7a nossos principais objetivos<\/p>\n<p>\t\t\t\t<svg aria-hidden=\"true\" viewBox=\"0 0 512 512\" xmlns=\"http:\/\/www.w3.org\/2000\/svg\"><path d=\"M349.565 98.783C295.978 98.783 251.721 64 184.348 64c-24.955 0-47.309 4.384-68.045 12.013a55.947 55.947 0 0 0 3.586-23.562C118.117 24.015 94.806 1.206 66.338.048 34.345-1.254 8 24.296 8 56c0 19.026 9.497 35.825 24 45.945V488c0 13.255 10.745 24 24 24h16c13.255 0 24-10.745 24-24v-94.4c28.311-12.064 63.582-22.122 114.435-22.122 53.588 0 97.844 34.783 165.217 34.783 48.169 0 86.667-16.294 122.505-40.858C506.84 359.452 512 349.571 512 339.045v-243.1c0-23.393-24.269-38.87-45.485-29.016-34.338 15.948-76.454 31.854-116.95 31.854z\"><\/path><\/svg>\t\t\t\t<\/p>\n<h3>\n\t\t\t\t\t\t\tMiss\u00e3o<br \/>\n\t\t\t\t\t<\/h3>\n<p>\n\t\t\t\t\t\tProporcionar aos nossos clientes experi\u00eancias prazerosas, atrav\u00e9s da entrega de caf\u00e9s especiais da melhor qualidade.\t\t\t\t\t<\/p>\n<p>\t\t\t\t<svg aria-hidden=\"true\" viewBox=\"0 0 496 512\" xmlns=\"http:\/\/www.w3.org\/2000\/svg\"><path d=\"M248 8C111.03 8 0 119.03 0 256s111.03 248 248 248 248-111.03 248-248S384.97 8 248 8zm0 432c-101.69 0-184-82.29-184-184 0-101.69 82.29-184 184-184 101.69 0 184 82.29 184 184 0 101.69-82.29 184-184 184zm0-312c-70.69 0-128 57.31-128 128s57.31 128 128 128 128-57.31 128-128-57.31-128-128-128zm0 192c-35.29 0-64-28.71-64-64s28.71-64 64-64 64 28.71 64 64-28.71 64-64 64z\"><\/path><\/svg>\t\t\t\t<\/p>\n<h3>\n\t\t\t\t\t\t\tVis\u00e3o<br \/>\n\t\t\t\t\t<\/h3>\n<p>\n\t\t\t\t\t\tSatisfazer consumidores com produtos de excel\u00eancia, desde a sele\u00e7\u00e3o dos gr\u00e3os at\u00e9 o empacotamento, criando la\u00e7os duradouros.\n\t\t\t\t\t<\/p>\n<p>\t\t\t\t<svg aria-hidden=\"true\" viewBox=\"0 0 640 512\" xmlns=\"http:\/\/www.w3.org\/2000\/svg\"><path d=\"M192 384h192c53 0 96-43 96-96h32c70.6 0 128-57.4 128-128S582.6 32 512 32H120c-13.3 0-24 10.7-24 24v232c0 53 43 96 96 96zM512 96c35.3 0 64 28.7 64 64s-28.7 64-64 64h-32V96h32zm47.7 384H48.3c-47.6 0-61-64-36-64h583.3c25 0 11.8 64-35.9 64z\"><\/path><\/svg>\t\t\t\t<\/p>\n<h3>\n\t\t\t\t\t\t\tValores<br \/>\n\t\t\t\t\t<\/h3>\n<p>\n\t\t\t\t\t\tSinceridade <br \/>\nRespeito <br \/>\nCuidado <br \/>\nUni\u00e3o <br \/>\nPaix\u00e3o \t\t\t\t\t<\/p>\n<h4>Conhe\u00e7a nossa linha completa<\/h4>\n<link rel=\"stylesheet\" id=\"wd-button-css\" href=\"https:\/\/cafe.visionarus.com.br\/wp-content\/themes\/woodmart\/css\/parts\/el-button.min.css?ver=8.2.7\" type=\"text\/css\" media=\"all\" \/>\n\t\t\t<a  href=\"#\"><br \/>\n\t\t\t\t\tVer todos os produtos<br \/>\n\t\t\t\t\t\t\t<\/a><\/p>\n","protected":false},"excerpt":{"rendered":"<p>QUINTA DO CAF\u00c8 Nossa Hist\u00f3ria No ano de 1981, iniciava-se o sonho de nossa Quinta. \u00c0quela \u00e9poca, em Jaci\/SP, o<\/p>\n","protected":false},"author":1,"featured_media":0,"parent":0,"menu_order":0,"comment_status":"closed","ping_status":"closed","template":"elementor_header_footer","meta":{"footnotes":""},"class_list":["post-29239","page","type-page","status-publish","hentry"],"_links":{"self":[{"href":"https:\/\/cafe.visionarus.com.br\/index.php\/wp-json\/wp\/v2\/pages\/29239","targetHints":{"allow":["GET"]}}],"collection":[{"href":"https:\/\/cafe.visionarus.com.br\/index.php\/wp-json\/wp\/v2\/pages"}],"about":[{"href":"https:\/\/cafe.visionarus.com.br\/index.php\/wp-json\/wp\/v2\/types\/page"}],"author":[{"embeddable":true,"href":"https:\/\/cafe.visionarus.com.br\/index.php\/wp-json\/wp\/v2\/users\/1"}],"replies":[{"embeddable":true,"href":"https:\/\/cafe.visionarus.com.br\/index.php\/wp-json\/wp\/v2\/comments?post=29239"}],"version-history":[{"count":4,"href":"https:\/\/cafe.visionarus.com.br\/index.php\/wp-json\/wp\/v2\/pages\/29239\/revisions"}],"predecessor-version":[{"id":29245,"href":"https:\/\/cafe.visionarus.com.br\/index.php\/wp-json\/wp\/v2\/pages\/29239\/revisions\/29245"}],"wp:attachment":[{"href":"https:\/\/cafe.visionarus.com.br\/index.php\/wp-json\/wp\/v2\/media?parent=29239"}],"curies":[{"name":"wp","href":"https:\/\/api.w.org\/{rel}","templated":true}]}}